{"id":5505,"date":"2018-09-12T16:39:24","date_gmt":"2018-09-12T14:39:24","guid":{"rendered":"https:\/\/maiavie.fr\/contact\/"},"modified":"2023-01-27T18:58:18","modified_gmt":"2023-01-27T17:58:18","slug":"contact","status":"publish","type":"page","link":"https:\/\/maiavie.fr\/en\/contact\/","title":{"rendered":"Contact"},"content":{"rendered":"<p>[vc_row full_width=&#8221;stretch_row&#8221; gap=&#8221;0&#8243; equal_height=&#8221;yes&#8221; css=&#8221;.vc_custom_1536753490086{margin-right: 0px !important;margin-left: 0px !important;}&#8221;][vc_column enable_content_animation=&#8221;yes&#8221; ca_init_scale_x=&#8221;1&#8243; ca_init_scale_y=&#8221;1&#8243; ca_init_scale_z=&#8221;1&#8243; ca_init_opacity=&#8221;0&#8243; ca_an_scale_x=&#8221;1&#8243; ca_an_scale_y=&#8221;1&#8243; ca_an_scale_z=&#8221;1&#8243; ca_an_opacity=&#8221;1&#8243; align=&#8221;text-center&#8221; offset=&#8221;vc_col-md-6&#8243; css=&#8221;.vc_custom_1656521397270{padding-top: 150px !important;padding-right: 0px !important;padding-bottom: 150px !important;padding-left: 0px !important;background-image: url(https:\/\/maiavie.fr\/wp-content\/uploads\/2022\/06\/contact-mail-specialiste-creation-complement-alimentaire-cosmetique-1.jpg?id=5224) !important;background-position: center !important;background-repeat: no-repeat !important;background-size: cover !important;}&#8221; ca_init_translate_y=&#8221;50&#8243; responsive_css=&#8221;padding_top_small:200px|padding_right_small:0px|padding_bottom_small:200px|padding_left_small:0px&#8221;][\/vc_column][vc_column enable_content_animation=&#8221;yes&#8221; ca_init_scale_x=&#8221;1&#8243; ca_init_scale_y=&#8221;1&#8243; ca_init_scale_z=&#8221;1&#8243; ca_init_opacity=&#8221;0&#8243; ca_an_scale_x=&#8221;1&#8243; ca_an_scale_y=&#8221;1&#8243; ca_an_scale_z=&#8221;1&#8243; ca_an_opacity=&#8221;1&#8243; offset=&#8221;vc_col-md-6&#8243; css=&#8221;.vc_custom_1656521404197{padding-top: 50px !important;padding-right: 2.2em !important;padding-bottom: 50px !important;padding-left: 2em !important;background-color: #ededed !important;background-position: center !important;background-repeat: no-repeat !important;background-size: cover !important;}&#8221; ca_init_translate_y=&#8221;50&#8243; responsive_css=&#8221;padding_top_large:110px|padding_right_large:5em|padding_bottom_large:120px|padding_left_large:6em|padding_right_small:4em|padding_left_small:4em&#8221;]<div class=\"ld-fancy-heading text-left ld_fancy_heading_69e791b31516f\">\n\t<h1 class=\"lqd-highlight-underline lqd-highlight-grow-left\" data-fittext=\"true\" data-fittext-options='{\"compressor\":1,\"maxFontSize\":\"50px\",\"minFontSize\":\"36px\"}'><span class=\"ld-fh-txt\"> Let\u2019s discuss your project<\/span><\/h1><\/div><style>.ld_spacer_69e791b31578f{height:25px;}<\/style>\n<div class=\"ld-empty-space ld_spacer_69e791b31578f\"><span class=\"liquid_empty_space_inner\"><\/span><\/div><style>.ld_icon_box_69e791b3159d1 h3{margin-bottom:px;}.ld_icon_box_69e791b3159d1 .iconbox-icon-container{border-radius:px;}<\/style>\n<div class=\"iconbox iconbox-side iconbox-sm iconbox-heading-sm ld_icon_box_69e791b3159d1 vc_custom_1639331663317\" id=\"ld_icon_box_69e791b3159d1\"   >\n\t\n\t\t<div class=\"iconbox-icon-wrap\"><span class=\"iconbox-icon-container\"><i class=\"icon-et-map-pin\"><\/i><\/span><\/div><!-- \/.iconbox-icon-wrap -->\t\n\t\t\n\t<div class=\"contents\">\t\n\t\t<p>Immeuble Nice Premier A &#8211; 455 Promenade des Anglais<br \/>\n06 200 Nice &#8211; France<\/p>\n\t\t\n\t<\/div>\t\n\t\n<\/div>\n<style>.ld_icon_box_69e791b31670c h3{margin-bottom:px;}.ld_icon_box_69e791b31670c .iconbox-icon-container{border-radius:px;}<\/style>\n<div class=\"iconbox iconbox-side iconbox-sm iconbox-heading-sm ld_icon_box_69e791b31670c vc_custom_1639331699640\" id=\"ld_icon_box_69e791b31670c\"   >\n\t\n\t\t<div class=\"iconbox-icon-wrap\"><span class=\"iconbox-icon-container\"><i class=\"icon-basic_smartphone\"><\/i><\/span><\/div><!-- \/.iconbox-icon-wrap -->\t\n\t\t\n\t<div class=\"contents\">\t\n\t\t<p>+33 (0)6 61 20 93 14<\/p>\n\t\t\n\t<\/div>\t\n\t\n<\/div>\n<style>.ld_icon_box_69e791b316c42 h3{margin-bottom:px;}.ld_icon_box_69e791b316c42 .iconbox-icon-container{border-radius:px;}<\/style>\n<div class=\"iconbox iconbox-side iconbox-sm iconbox-heading-sm ld_icon_box_69e791b316c42\" id=\"ld_icon_box_69e791b316c42\"   >\n\t\n\t\t<div class=\"iconbox-icon-wrap\"><span class=\"iconbox-icon-container\"><i class=\"icon-basic_mail_open_text\"><\/i><\/span><\/div><!-- \/.iconbox-icon-wrap -->\t\n\t\t\n\t<div class=\"contents\">\t\n\t\t<p><span style=\"color: #5e5e6a\"><a style=\"color: #5e5e6a\" href=\"mailto:helene.duminy@maiavie.fr\">helene.duminy@maiavie.fr<\/a><\/span><\/p>\n\t\t\n\t<\/div>\t\n\t\n<\/div>\n[\/vc_column][\/vc_row][vc_row css=&#8221;.vc_custom_1639834503178{margin-top: 90px !important;margin-bottom: 90px !important;}&#8221;][vc_column width=&#8221;1\/6&#8243;][\/vc_column][vc_column width=&#8221;2\/3&#8243;][vc_column_text]Would you like information about our services? Don\u2019t hesitate to send us your contact details. We will contact you as soon as possible.[\/vc_column_text]<style>.ld_spacer_69e791b316ed0{height:50px;}<\/style>\n<div class=\"ld-empty-space ld_spacer_69e791b316ed0\"><span class=\"liquid_empty_space_inner\"><\/span><\/div><div id=\"ld_cf7_69e791b316f76\" class=\"lqd-contact-form ld_cf7_69e791b316f76\">\n\t<div role=\"form\" class=\"wpcf7\" id=\"wpcf7-f5504-o1\" lang=\"en-US\" dir=\"ltr\">\n<div class=\"screen-reader-response\"><p role=\"status\" aria-live=\"polite\" aria-atomic=\"true\"><\/p> <ul><\/ul><\/div>\n<form action=\"\/en\/wp-json\/wp\/v2\/pages\/5505#wpcf7-f5504-o1\" method=\"post\" class=\"wpcf7-form init\" novalidate=\"novalidate\" data-status=\"init\">\n<div style=\"display: none;\">\n<input type=\"hidden\" name=\"_wpcf7\" value=\"5504\" \/>\n<input type=\"hidden\" name=\"_wpcf7_version\" value=\"5.5.2\" \/>\n<input type=\"hidden\" name=\"_wpcf7_locale\" value=\"en_US\" \/>\n<input type=\"hidden\" name=\"_wpcf7_unit_tag\" value=\"wpcf7-f5504-o1\" \/>\n<input type=\"hidden\" name=\"_wpcf7_container_post\" value=\"0\" \/>\n<input type=\"hidden\" name=\"_wpcf7_posted_data_hash\" value=\"\" \/>\n<input type=\"hidden\" name=\"_wpcf7_recaptcha_response\" value=\"\" \/>\n<\/div>\n<div class=\"row\">\n<div class=\"col-md-6\"><label class=\"titre-champs\">Surname*<\/label><span class=\"wpcf7-form-control-wrap your-surname\"><input type=\"text\" name=\"your-surname\" value=\"\" size=\"40\" class=\"wpcf7-form-control wpcf7-text wpcf7-validates-as-required\" aria-required=\"true\" aria-invalid=\"false\" \/><\/span><\/div>\n<div class=\"col-md-6\"><label class=\"titre-champs\">First name*<\/label><span class=\"wpcf7-form-control-wrap your-firstname\"><input type=\"text\" name=\"your-firstname\" value=\"\" size=\"40\" class=\"wpcf7-form-control wpcf7-text wpcf7-validates-as-required\" aria-required=\"true\" aria-invalid=\"false\" \/><\/span><\/div>\n<\/div>\n<p><br><br><\/p>\n<div class=\"row\">\n<div class=\"col-md-6\"><label class=\"titre-champs\">Telephone*<\/label><span class=\"wpcf7-form-control-wrap your-telephone\"><input type=\"tel\" name=\"your-telephone\" value=\"\" size=\"40\" class=\"wpcf7-form-control wpcf7-text wpcf7-tel wpcf7-validates-as-required wpcf7-validates-as-tel\" aria-required=\"true\" aria-invalid=\"false\" \/><\/span><\/div>\n<div class=\"col-md-6\"><label class=\"titre-champs\">Email*<\/label><span class=\"wpcf7-form-control-wrap your-email\"><input type=\"email\" name=\"your-email\" value=\"\" size=\"40\" class=\"wpcf7-form-control wpcf7-text wpcf7-email wpcf7-validates-as-required wpcf7-validates-as-email\" aria-required=\"true\" aria-invalid=\"false\" \/><\/span><\/div>\n<\/div>\n<p><br><br><\/p>\n<div class=\"row\">\n<div class=\"col-md-6\"><label class=\"titre-champs\">Company<\/label><span class=\"wpcf7-form-control-wrap your-entreprise\"><input type=\"text\" name=\"your-entreprise\" value=\"\" size=\"40\" class=\"wpcf7-form-control wpcf7-text\" aria-invalid=\"false\" \/><\/span><\/div>\n<div class=\"col-md-6\"><label class=\"titre-champs\">Title<\/label><span class=\"wpcf7-form-control-wrap your-job\"><input type=\"text\" name=\"your-job\" value=\"\" size=\"40\" class=\"wpcf7-form-control wpcf7-text\" aria-invalid=\"false\" \/><\/span><\/div>\n<\/div>\n<p><br><br><\/p>\n<div class=\"row\">\n<div class=\"col-md-12\"><label class=\"titre-champs\">Message*<\/label><span class=\"wpcf7-form-control-wrap message\"><textarea name=\"message\" cols=\"40\" rows=\"10\" class=\"wpcf7-form-control wpcf7-textarea wpcf7-validates-as-required\" aria-required=\"true\" aria-invalid=\"false\"><\/textarea><\/span><\/div>\n<\/div>\n<p><br><\/p>\n<p><span class=\"wpcf7-form-control-wrap acceptance-347\"><span class=\"wpcf7-form-control wpcf7-acceptance\"><span class=\"wpcf7-list-item\"><label><input type=\"checkbox\" name=\"acceptance-347\" value=\"1\" aria-invalid=\"false\" \/><span class=\"wpcf7-list-item-label\"><span class=\"text-soumission\">By submitting this form, you agree to the use of your personal information in accordance with <a href=\"https:\/\/maiavie.fr\/en\/privacy-policy\/\" target=\"blank\">our privacy policy<\/a>.<\/span><\/span><\/label><\/span><\/span><\/span><br><br \/>\n<input type=\"submit\" value=\"Send\" class=\"wpcf7-form-control has-spinner wpcf7-submit\" \/><\/p>\n<div class=\"wpcf7-response-output\" aria-hidden=\"true\"><\/div><\/form><\/div><\/div>[\/vc_column][vc_column width=&#8221;1\/6&#8243;][\/vc_column][\/vc_row]<\/p>\n","protected":false},"excerpt":{"rendered":"<p>[vc_row full_width=&#8221;stretch_row&#8221; gap=&#8221;0&#8243; equal_height=&#8221;yes&#8221; css=&#8221;.vc_custom_1536753490086{margin-right: 0px !important;margin-left: 0px !important;}&#8221;][vc_column enable_content_animation=&#8221;yes&#8221; ca_init_scale_x=&#8221;1&#8243; ca_init_scale_y=&#8221;1&#8243; ca_init_scale_z=&#8221;1&#8243; ca_init_opacity=&#8221;0&#8243; ca_an_scale_x=&#8221;1&#8243;&#8230;<\/p>\n","protected":false},"author":1,"featured_media":0,"parent":0,"menu_order":0,"comment_status":"closed","ping_status":"closed","template":"","meta":[],"yoast_head":"<!-- This site is optimized with the Yoast SEO plugin v19.2 - https:\/\/yoast.com\/wordpress\/plugins\/seo\/ -->\n<title>Contact - Ma\u00efavie<\/title>\n<meta name=\"description\" content=\"Would you like information about our services? Don\u2019t hesitate to send us your contact details. We will contact you as soon as possible.\" \/>\n<meta name=\"robots\" content=\"index, follow, max-snippet:-1, max-image-preview:large, max-video-preview:-1\" \/>\n<link rel=\"canonical\" href=\"https:\/\/maiavie.fr\/en\/contact\/\" \/>\n<meta property=\"og:locale\" content=\"en_US\" \/>\n<meta property=\"og:type\" content=\"article\" \/>\n<meta property=\"og:title\" content=\"Contact - Ma\u00efavie\" \/>\n<meta property=\"og:description\" content=\"Would you like information about our services? Don\u2019t hesitate to send us your contact details. We will contact you as soon as possible.\" \/>\n<meta property=\"og:url\" content=\"https:\/\/maiavie.fr\/en\/contact\/\" \/>\n<meta property=\"og:site_name\" content=\"Ma\u00efavie\" \/>\n<meta property=\"article:modified_time\" content=\"2023-01-27T17:58:18+00:00\" \/>\n<meta name=\"author\" content=\"H\u00e9l\u00e8ne\" \/>\n<meta name=\"twitter:card\" content=\"summary_large_image\" \/>\n<meta name=\"twitter:label1\" content=\"Est. reading time\" \/>\n\t<meta name=\"twitter:data1\" content=\"2 minutes\" \/>\n<script type=\"application\/ld+json\" class=\"yoast-schema-graph\">{\"@context\":\"https:\/\/schema.org\",\"@graph\":[{\"@type\":\"Organization\",\"@id\":\"https:\/\/maiavie.fr\/en\/#organization\",\"name\":\"Ma\u00efavie\",\"url\":\"https:\/\/maiavie.fr\/en\/\",\"sameAs\":[],\"logo\":{\"@type\":\"ImageObject\",\"inLanguage\":\"en-US\",\"@id\":\"https:\/\/maiavie.fr\/en\/#\/schema\/logo\/image\/\",\"url\":\"https:\/\/maiavie.fr\/wp-content\/uploads\/2021\/10\/LOGOS_RVB-50-25mm.png\",\"contentUrl\":\"https:\/\/maiavie.fr\/wp-content\/uploads\/2021\/10\/LOGOS_RVB-50-25mm.png\",\"width\":592,\"height\":368,\"caption\":\"Ma\u00efavie\"},\"image\":{\"@id\":\"https:\/\/maiavie.fr\/en\/#\/schema\/logo\/image\/\"}},{\"@type\":\"WebSite\",\"@id\":\"https:\/\/maiavie.fr\/en\/#website\",\"url\":\"https:\/\/maiavie.fr\/en\/\",\"name\":\"Ma\u00efavie\",\"description\":\"\",\"publisher\":{\"@id\":\"https:\/\/maiavie.fr\/en\/#organization\"},\"potentialAction\":[{\"@type\":\"SearchAction\",\"target\":{\"@type\":\"EntryPoint\",\"urlTemplate\":\"https:\/\/maiavie.fr\/en\/?s={search_term_string}\"},\"query-input\":\"required name=search_term_string\"}],\"inLanguage\":\"en-US\"},{\"@type\":\"WebPage\",\"@id\":\"https:\/\/maiavie.fr\/en\/contact\/#webpage\",\"url\":\"https:\/\/maiavie.fr\/en\/contact\/\",\"name\":\"Contact - Ma\u00efavie\",\"isPartOf\":{\"@id\":\"https:\/\/maiavie.fr\/en\/#website\"},\"datePublished\":\"2018-09-12T14:39:24+00:00\",\"dateModified\":\"2023-01-27T17:58:18+00:00\",\"description\":\"Would you like information about our services? Don\u2019t hesitate to send us your contact details. We will contact you as soon as possible.\",\"breadcrumb\":{\"@id\":\"https:\/\/maiavie.fr\/en\/contact\/#breadcrumb\"},\"inLanguage\":\"en-US\",\"potentialAction\":[{\"@type\":\"ReadAction\",\"target\":[\"https:\/\/maiavie.fr\/en\/contact\/\"]}]},{\"@type\":\"BreadcrumbList\",\"@id\":\"https:\/\/maiavie.fr\/en\/contact\/#breadcrumb\",\"itemListElement\":[{\"@type\":\"ListItem\",\"position\":1,\"name\":\"Accueil\",\"item\":\"https:\/\/maiavie.fr\/en\/\"},{\"@type\":\"ListItem\",\"position\":2,\"name\":\"Contact\"}]}]}<\/script>\n<!-- \/ Yoast SEO plugin. -->","yoast_head_json":{"title":"Contact - Ma\u00efavie","description":"Would you like information about our services? Don\u2019t hesitate to send us your contact details. We will contact you as soon as possible.","robots":{"index":"index","follow":"follow","max-snippet":"max-snippet:-1","max-image-preview":"max-image-preview:large","max-video-preview":"max-video-preview:-1"},"canonical":"https:\/\/maiavie.fr\/en\/contact\/","og_locale":"en_US","og_type":"article","og_title":"Contact - Ma\u00efavie","og_description":"Would you like information about our services? Don\u2019t hesitate to send us your contact details. We will contact you as soon as possible.","og_url":"https:\/\/maiavie.fr\/en\/contact\/","og_site_name":"Ma\u00efavie","article_modified_time":"2023-01-27T17:58:18+00:00","author":"H\u00e9l\u00e8ne","twitter_card":"summary_large_image","twitter_misc":{"Est. reading time":"2 minutes"},"schema":{"@context":"https:\/\/schema.org","@graph":[{"@type":"Organization","@id":"https:\/\/maiavie.fr\/en\/#organization","name":"Ma\u00efavie","url":"https:\/\/maiavie.fr\/en\/","sameAs":[],"logo":{"@type":"ImageObject","inLanguage":"en-US","@id":"https:\/\/maiavie.fr\/en\/#\/schema\/logo\/image\/","url":"https:\/\/maiavie.fr\/wp-content\/uploads\/2021\/10\/LOGOS_RVB-50-25mm.png","contentUrl":"https:\/\/maiavie.fr\/wp-content\/uploads\/2021\/10\/LOGOS_RVB-50-25mm.png","width":592,"height":368,"caption":"Ma\u00efavie"},"image":{"@id":"https:\/\/maiavie.fr\/en\/#\/schema\/logo\/image\/"}},{"@type":"WebSite","@id":"https:\/\/maiavie.fr\/en\/#website","url":"https:\/\/maiavie.fr\/en\/","name":"Ma\u00efavie","description":"","publisher":{"@id":"https:\/\/maiavie.fr\/en\/#organization"},"potentialAction":[{"@type":"SearchAction","target":{"@type":"EntryPoint","urlTemplate":"https:\/\/maiavie.fr\/en\/?s={search_term_string}"},"query-input":"required name=search_term_string"}],"inLanguage":"en-US"},{"@type":"WebPage","@id":"https:\/\/maiavie.fr\/en\/contact\/#webpage","url":"https:\/\/maiavie.fr\/en\/contact\/","name":"Contact - Ma\u00efavie","isPartOf":{"@id":"https:\/\/maiavie.fr\/en\/#website"},"datePublished":"2018-09-12T14:39:24+00:00","dateModified":"2023-01-27T17:58:18+00:00","description":"Would you like information about our services? Don\u2019t hesitate to send us your contact details. We will contact you as soon as possible.","breadcrumb":{"@id":"https:\/\/maiavie.fr\/en\/contact\/#breadcrumb"},"inLanguage":"en-US","potentialAction":[{"@type":"ReadAction","target":["https:\/\/maiavie.fr\/en\/contact\/"]}]},{"@type":"BreadcrumbList","@id":"https:\/\/maiavie.fr\/en\/contact\/#breadcrumb","itemListElement":[{"@type":"ListItem","position":1,"name":"Accueil","item":"https:\/\/maiavie.fr\/en\/"},{"@type":"ListItem","position":2,"name":"Contact"}]}]}},"_links":{"self":[{"href":"https:\/\/maiavie.fr\/en\/wp-json\/wp\/v2\/pages\/5505"}],"collection":[{"href":"https:\/\/maiavie.fr\/en\/wp-json\/wp\/v2\/pages"}],"about":[{"href":"https:\/\/maiavie.fr\/en\/wp-json\/wp\/v2\/types\/page"}],"author":[{"embeddable":true,"href":"https:\/\/maiavie.fr\/en\/wp-json\/wp\/v2\/users\/1"}],"replies":[{"embeddable":true,"href":"https:\/\/maiavie.fr\/en\/wp-json\/wp\/v2\/comments?post=5505"}],"version-history":[{"count":7,"href":"https:\/\/maiavie.fr\/en\/wp-json\/wp\/v2\/pages\/5505\/revisions"}],"predecessor-version":[{"id":5603,"href":"https:\/\/maiavie.fr\/en\/wp-json\/wp\/v2\/pages\/5505\/revisions\/5603"}],"wp:attachment":[{"href":"https:\/\/maiavie.fr\/en\/wp-json\/wp\/v2\/media?parent=5505"}],"curies":[{"name":"wp","href":"https:\/\/api.w.org\/{rel}","templated":true}]}}