{"id":5552,"date":"2021-10-29T18:40:30","date_gmt":"2021-10-29T16:40:30","guid":{"rendered":"https:\/\/maiavie.fr\/founder\/"},"modified":"2023-01-27T18:57:43","modified_gmt":"2023-01-27T17:57:43","slug":"founder","status":"publish","type":"page","link":"https:\/\/maiavie.fr\/en\/founder\/","title":{"rendered":"Founder"},"content":{"rendered":"<p>[vc_row full_width=&#8221;stretch_row&#8221; gap=&#8221;0&#8243; equal_height=&#8221;yes&#8221; css=&#8221;.vc_custom_1536753490086{margin-right: 0px !important;margin-left: 0px !important;}&#8221;][vc_column enable_content_animation=&#8221;yes&#8221; ca_init_scale_x=&#8221;1&#8243; ca_init_scale_y=&#8221;1&#8243; ca_init_scale_z=&#8221;1&#8243; ca_init_opacity=&#8221;0&#8243; ca_an_scale_x=&#8221;1&#8243; ca_an_scale_y=&#8221;1&#8243; ca_an_scale_z=&#8221;1&#8243; ca_an_opacity=&#8221;1&#8243; align=&#8221;text-center&#8221; offset=&#8221;vc_col-md-6&#8243; css=&#8221;.vc_custom_1656521351019{padding-top: 150px !important;padding-right: 0px !important;padding-bottom: 150px !important;padding-left: 0px !important;background-image: url(https:\/\/maiavie.fr\/wp-content\/uploads\/2022\/06\/helene-duminy-maiavie-1.jpg?id=5216) !important;background-position: center !important;background-repeat: no-repeat !important;background-size: cover !important;}&#8221; ca_init_translate_y=&#8221;50&#8243; responsive_css=&#8221;padding_top_small:200px|padding_right_small:0px|padding_bottom_small:200px|padding_left_small:0px&#8221;][\/vc_column][vc_column enable_content_animation=&#8221;yes&#8221; ca_init_scale_x=&#8221;1&#8243; ca_init_scale_y=&#8221;1&#8243; ca_init_scale_z=&#8221;1&#8243; ca_init_opacity=&#8221;0&#8243; ca_an_scale_x=&#8221;1&#8243; ca_an_scale_y=&#8221;1&#8243; ca_an_scale_z=&#8221;1&#8243; ca_an_opacity=&#8221;1&#8243; offset=&#8221;vc_col-md-6&#8243; css=&#8221;.vc_custom_1656521364180{padding-top: 50px !important;padding-right: 2.2em !important;padding-bottom: 50px !important;padding-left: 2em !important;background-color: #ededed !important;background-position: center !important;background-repeat: no-repeat !important;background-size: cover !important;}&#8221; ca_init_translate_y=&#8221;50&#8243; responsive_css=&#8221;padding_top_large:110px|padding_right_large:5em|padding_bottom_large:120px|padding_left_large:6em|padding_right_small:4em|padding_left_small:4em&#8221;]<div class=\"ld-fancy-heading text-left ld_fancy_heading_69e79329ae8d3\">\n\t<h1 class=\"lqd-highlight-underline lqd-highlight-grow-left\" data-fittext=\"true\" data-fittext-options='{\"compressor\":1,\"maxFontSize\":\"50px\",\"minFontSize\":\"36px\"}'><span class=\"ld-fh-txt\"> Meet H\u00e9l\u00e8ne Duminy<\/span><\/h1><\/div><div class=\"ld-fancy-heading text-left ld_fancy_heading_69e79329aecf6\">\n\t<h2 class=\"lqd-highlight-underline lqd-highlight-grow-left\" ><span class=\"ld-fh-txt\"> Founder of Ma\u00efavie<\/span><\/h2><\/div><style>.ld_spacer_69e79329aedf4{height:32px;}<\/style>\n<div class=\"ld-empty-space ld_spacer_69e79329aedf4\"><span class=\"liquid_empty_space_inner\"><\/span><\/div><style>.ld_button_69e79329aeff5.btn-icon-solid .btn-icon{background:rgb(237, 237, 237);}.ld_button_69e79329aeff5.btn-icon-circle.btn-icon-ripple .btn-icon:before{border-color:rgb(237, 237, 237);}.ld_button_69e79329aeff5.btn-icon-solid:hover .btn-icon{background:rgb(82, 166, 144);}.ld_button_69e79329aeff5{background-color:rgb(237, 237, 237);border-color:rgb(237, 237, 237);color:rgb(82, 166, 144);line-height:1.111em !important;font-size:14px !important;font-weight:500 !important;letter-spacing:0.1em !important;box-shadow:0px 3px 3px 0px #afcabd;}.ld_button_69e79329aeff5:hover{background-color:rgb(82, 166, 144);border-color:rgb(82, 166, 144);color:rgb(255, 255, 255);}.ld_button_69e79329aeff5 .btn-gradient-bg-hover{background:-webkit-linear-gradient(to right, rgb(82, 166, 144) 0%, rgb(82, 166, 144) 100%);background:linear-gradient(to right, rgb(82, 166, 144) 0%, rgb(82, 166, 144) 100%);}.ld_button_69e79329aeff5 .btn-gradient-border defs stop:first-child{stop-color:rgb(82, 166, 144);}.ld_button_69e79329aeff5 .btn-gradient-border defs stop:last-child{stop-color:rgb(82, 166, 144);}.ld_button_69e79329aeff5:hover .btn-gradient-border defs stop:first-child{stop-color:rgb(82, 166, 144);}.ld_button_69e79329aeff5:hover .btn-gradient-border defs stop:last-child{stop-color:rgb(82, 166, 144);}.ld_button_69e79329aeff5.btn-bordered{border-color:rgb(82, 166, 144);}.ld_button_69e79329aeff5.btn-bordered:hover{border-color:rgb(82, 166, 144);}<\/style><a href=\"#\" class=\"btn btn-solid text-uppercase circle btn-bordered border-thin ld_button_69e79329aeff5 vc_custom_1655113380156\" data-localscroll=\"true\" data-localscroll-options=\"{&quot;scrollBelowSection&quot;:true}\">\n\t<span>\n\t\t\n\t\t\t\t\t<span class=\"btn-txt\">Let\u2019s co-create your products!<\/span>\n\t\t\t\n\t\t\t\t<\/span>\n<\/a>\n[\/vc_column][\/vc_row][vc_row css=&#8221;.vc_custom_1635620659329{padding-top: 120px !important;padding-right: 50px !important;padding-left: 50px !important;}&#8221; responsive_css=&#8221;padding_top_medium:120px|padding_right_medium:50px|padding_left_medium:50px|padding_top_small:120px|padding_right_small:50px|padding_left_small:50px&#8221;][vc_column][vc_column_text]The success of Ma\u00efavie\u2019s support depends on the relationship of trust we build. For this, my experience, my skills, but above all my personality and my interpersonal skills are essential. I invite you to find out more about my background and why I founded Ma\u00efavie. [\/vc_column_text]<style>.ld_spacer_69e79329afaf9{height:32px;}<\/style>\n<div class=\"ld-empty-space ld_spacer_69e79329afaf9\"><span class=\"liquid_empty_space_inner\"><\/span><\/div><style>.ld_fancy_heading_69e79329afbde h5{color:rgb(82, 166, 144);}.ld_fancy_heading_69e79329afbde .lqd-highlight-inner{bottom:0px;}<\/style><div class=\"ld-fancy-heading ld_fancy_heading_69e79329afbde\">\n\t<h5 class=\"lqd-highlight-underline lqd-highlight-grow-left\" ><span class=\"ld-fh-txt\"> My background<\/span><\/h5><\/div>[vc_column_text]<em>\u2018I have a relatively traditional background: I graduated as a food &amp; nutrition engineer and worked for more than 10 years in international pharmaceutical laboratories where I was in charge of formulation, regulatory quality, purchasing and scientific material development as an Industrial R&amp;D Manager.<\/em><\/p>\n<p><em>During this time, I established quality professional relationships with various French and European service providers. I also developed a reliable professional network which is now very useful to me, and which I make available to my clients.<\/em><\/p>\n<p><em>I soon realised that there was a lack of optimised services for small organisations or companies that only wanted consulting on a specific point and did not necessarily have the in-house resources required.<\/em><\/p>\n<p><em>They lacked a proactive partner with a 360\u00b0 view who could help them manage their project from A to Z. They needed a contact person for all service providers, anticipating their needs and the uncertainties of the food supplements and cosmetics market.<\/em><\/p>\n<p><em>These organisations often asked me to intervene on an ongoing project that was not successful or was considerably delayed, due to the involvement of too many people and blockages that could have been avoided if they had been anticipated from initial discussions with clients\u2019.<\/em>[\/vc_column_text]<style>.ld_spacer_69e79329b0015{height:50px;}<\/style>\n<div class=\"ld-empty-space ld_spacer_69e79329b0015\"><span class=\"liquid_empty_space_inner\"><\/span><\/div><style>.ld_fancy_heading_69e79329b00f7 h5{color:rgb(82, 166, 144);}.ld_fancy_heading_69e79329b00f7 .lqd-highlight-inner{bottom:0px;}<\/style><div class=\"ld-fancy-heading ld_fancy_heading_69e79329b00f7\">\n\t<h5 class=\"lqd-highlight-underline lqd-highlight-grow-left\" ><span class=\"ld-fh-txt\"> Why Ma\u00efavie?<\/span><\/h5><\/div>[vc_column_text]<em>\u2018With my skills in R&amp;D, formulation, purchasing, sourcing, production, regulations and quality, I am a dedicated contact person. With Ma\u00efavie, I want to offer creators of food supplements and cosmetics comprehensive services to bring their project to fruition, in a personalised way that is truly tailored to their needs.<\/em><\/p>\n<p><em>During my various experiences, I have too often heard clients tell me that they had the ambition to create their own brands but:<\/em><\/p>\n<ul>\n<li><em>that it was difficult to find suitable industrial partners for their formula or the size of the desired batch;<\/em><\/li>\n<li><em>that the regulations and steps involved in bringing a product to market were complex;<\/em><\/li>\n<li><em>or that after years of work, their product had to be withdrawn from the market because it did not comply with current legislation or was not tailored to the specific needs of a market, not to mention the production times and responsiveness of all the external players.<\/em><\/li>\n<\/ul>\n<p><em>Having worked in-house in laboratories, I know the constraints of wanting to develop a range and the risks of production, formulation, etc.<\/em><\/p>\n<p><em>I would therefore like to offer my know-how upstream of projects and above all provide unique support at all stages, linking the client brief to the marketing of the product\u2019.<\/em>[\/vc_column_text]<style>.ld_spacer_69e79329b04fc{height:50px;}<\/style>\n<div class=\"ld-empty-space ld_spacer_69e79329b04fc\"><span class=\"liquid_empty_space_inner\"><\/span><\/div><style>.ld_fancy_heading_69e79329b05e6 h5{color:rgb(82, 166, 144);}.ld_fancy_heading_69e79329b05e6 .lqd-highlight-inner{bottom:0px;}<\/style><div class=\"ld-fancy-heading ld_fancy_heading_69e79329b05e6\">\n\t<h5 class=\"lqd-highlight-underline lqd-highlight-grow-left\" ><span class=\"ld-fh-txt\"> My areas of expertise<\/span><\/h5><\/div>[vc_column_text]<em>\u2018I have been lucky enough to be able to diversify my field of activity in 10 years and to have developed new skills. My core business is research and development of food supplements and cosmetics, but over the years I have also specialised in regulations, quality and purchasing.<\/em><\/p>\n<p><em>During my experiences, I had to take on the double role of export sales person with the canvassing of potential clients, but above all the creation of scientific and marketing materials to help them promote their products on their target market based on various aspects.<\/em><\/p>\n<p><em>As a determined and pragmatic go-getter, I have always liked taking on new challenges. This ambition still drives me today and pushes me to continue scientific monitoring, trade fair attendance, etc.<\/em><\/p>\n<p><em>And, as I like to say almost every day, there are no problems, only solutions. It is with this in mind that I founded Ma\u00efavie\u2019.<\/em>[\/vc_column_text]<style>.ld_spacer_69e79329b07fc{height:32px;}<\/style>\n<div class=\"ld-empty-space ld_spacer_69e79329b07fc\"><span class=\"liquid_empty_space_inner\"><\/span><\/div>[\/vc_column][\/vc_row][vc_row equal_height=&#8221;yes&#8221; content_placement=&#8221;middle&#8221; bg_position=&#8221;center center&#8221; css=&#8221;.vc_custom_1656427878309{margin-bottom: 30px !important;padding-top: 70px !important;padding-bottom: 70px !important;background-image: url(https:\/\/maiavie.fr\/wp-content\/uploads\/2022\/06\/Maiavie-developpement-complement-alimentaire-cosmetique-accompagnement-expert-contact-2.jpeg?id=5255) !important;background-position: center !important;background-repeat: no-repeat !important;background-size: cover !important;}&#8221;][vc_column offset=&#8221;vc_col-md-7&#8243; responsive_align=&#8221;text-md-left text-xs-center&#8221;]<style>.ld_fancy_heading_69e79329b08d9 h2{font-size:36px;font-weight:500;}@media (min-width: 992px) { .ld_fancy_heading_69e79329b08d9 h2 {margin-bottom:0.2em !important;  }  } .ld_fancy_heading_69e79329b08d9 .lqd-highlight-inner{bottom:0px;}@media (min-width: 992px) { .ld_fancy_heading_69e79329b08d9 h2 {margin-bottom:0.2em !important;  }  } <\/style><div class=\"ld-fancy-heading ld_fancy_heading_69e79329b08d9\">\n\t<h2 class=\"lqd-highlight-underline lqd-highlight-grow-left\" ><span class=\"ld-fh-txt\"> Let\u2019s talk about your project!<\/span><\/h2><\/div><style>.ld_spacer_69e79329b09e9{height:15px;}<\/style>\n<div class=\"ld-empty-space ld_spacer_69e79329b09e9\"><span class=\"liquid_empty_space_inner\"><\/span><\/div><style>.ld_fancy_heading_69e79329b0acb p{font-size:18px;line-height:30px;}.ld_fancy_heading_69e79329b0acb .lqd-highlight-inner{height:0.275em;bottom:0px;}<\/style><div class=\"ld-fancy-heading mask-text ld_fancy_heading_69e79329b0acb\">\n\t<p class=\"lqd-highlight-underline lqd-highlight-grow-left\" data-split-text=\"true\" data-custom-animations=\"true\" data-ca-options='{\"triggerHandler\":\"inview\",\"animationTarget\":\".lqd-lines .split-inner\",\"duration\":700,\"delay\":100,\"easing\":\"easeOutQuint\",\"direction\":\"forward\",\"initValues\":{\"scale\":1},\"animations\":{\"scale\":1}}' data-split-options='{\"type\":\"lines\"}'><span class=\"ld-fh-txt\"> By telephone on +33 (0)6 61 20 93 14 or by email using the form below.<\/span><\/p><\/div><style>.ld_spacer_69e79329b0bc0{height:15px;}<\/style>\n<div class=\"ld-empty-space ld_spacer_69e79329b0bc0\"><span class=\"liquid_empty_space_inner\"><\/span><\/div><style>.ld_button_69e79329b0cc0.btn-icon-solid:hover .btn-icon{background:rgb(255, 255, 255);}.ld_button_69e79329b0cc0:hover{background-color:rgb(255, 255, 255);border-color:rgb(255, 255, 255);color:rgb(94, 94, 106);}.ld_button_69e79329b0cc0 .btn-gradient-bg-hover{background:-webkit-linear-gradient(to right, rgb(255, 255, 255) 0%, rgb(255, 255, 255) 100%);background:linear-gradient(to right, rgb(255, 255, 255) 0%, rgb(255, 255, 255) 100%);}.ld_button_69e79329b0cc0:hover .btn-gradient-border defs stop:first-child{stop-color:rgb(255, 255, 255);}.ld_button_69e79329b0cc0:hover .btn-gradient-border defs stop:last-child{stop-color:rgb(255, 255, 255);}.ld_button_69e79329b0cc0{color:rgb(255, 255, 255);line-height:1.111em !important;font-size:14px !important;font-weight:500 !important;letter-spacing:0.1em !important;}<\/style><a href=\"https:\/\/maiavie.fr\/en\/contact\/\" title=\"Contact\" class=\"btn btn-solid text-uppercase circle btn-bordered border-thin ld_button_69e79329b0cc0 vc_custom_1674839069181\">\n\t<span>\n\t\t\n\t\t\t\t\t<span class=\"btn-txt\">Contact us<\/span>\n\t\t\t\n\t\t\t\t<\/span>\n<\/a>\n[\/vc_column][vc_column offset=&#8221;vc_col-md-5&#8243; responsive_align=&#8221;text-md-right text-xs-center&#8221;][vc_empty_space][\/vc_column][\/vc_row][vc_row css=&#8221;.vc_custom_1655113049410{padding-top: 120px !important;padding-bottom: 80px !important;}&#8221;][vc_column]<style>.ld_fancy_heading_69e79329b1178 .lqd-highlight-inner{height:0.275em;bottom:0px;}<\/style><div class=\"ld-fancy-heading text-center ld_fancy_heading_69e79329b1178\">\n\t<h3 class=\"lqd-highlight-underline lqd-highlight-grow-left\" ><span class=\"ld-fh-txt\"> Find out more about Ma\u00efavie<\/span><\/h3><\/div><style>.ld_spacer_69e79329b1606{height:32px;}<\/style>\n<div class=\"ld-empty-space ld_spacer_69e79329b1606\"><span class=\"liquid_empty_space_inner\"><\/span><\/div>[vc_row_inner][vc_column_inner width=&#8221;1\/2&#8243;]<style>.ld_content_box_69e79329b1734 .fancy-box-header h3{font-size:22px;}<\/style><div id=\"ld_content_box_69e79329b1734\" class=\"fancy-box text-center fancy-box-heading-custom fancy-box-classic ld_content_box_69e79329b1734\">\n\t\n\t<div class=\"cb-img-container mb-4\">\n\n\t\t<figure class=\"fancy-box-image\"><img width=\"1000\" height=\"667\" src=\"data:image\/svg+xml;charset=utf-8,&lt;svg xmlns%3D&#039;http%3A%2F%2Fwww.w3.org%2F2000%2Fsvg&#039; viewBox%3D&#039;0 0 1000 667&#039;%2F&gt;\" class=\"attachment-full size-full ld-lazyload\" alt=\"\" loading=\"lazy\" srcset=\"\" sizes=\"(max-width: 1000px) 100vw, 1000px\" data-src=\"https:\/\/maiavie.fr\/wp-content\/uploads\/2022\/06\/genese-maiavie.jpg\" data-srcset=\"https:\/\/maiavie.fr\/wp-content\/uploads\/2022\/06\/genese-maiavie.jpg 1000w, https:\/\/maiavie.fr\/wp-content\/uploads\/2022\/06\/genese-maiavie-300x200.jpg 300w\" data-aspect=\"1.4992503748126\" \/><\/figure>\t\t\t\t\n\t\t\t\t<div class=\"cb-img-btn\">\n\t\t\t<div class=\"cb-img-btn-bg\"><\/div>\n\t\t\t<a href=\"https:\/\/maiavie.fr\/en\/overview\/\" class=\"liquid-overlay-link\"><\/a>\t\t\t<div class=\"cb-img-btn-inner\">\n\t\t\t\t<style>.ld_button_69e79329b5a63:hover{color:rgb(54, 54, 54);}.ld_button_69e79329b5a63{font-size:15px !important;}<\/style><a href=\"#\" class=\"btn btn-naked ld_button_69e79329b5a63\">\n\t<span>\n\t\t\n\t\t\t\t\t<span class=\"btn-txt\">More information<\/span>\n\t\t\t\n\t\t\t\t<\/span>\n<\/a>\n\t\t\t<\/div><!-- \/.cb-img-btn-inner -->\n\t\t<\/div><!-- \/.cb-img-btn -->\n\t\t\n\t<\/div><!-- \/.cb-img-container -->\n\n\t<div class=\"fancy-box-contents\">\n\t\t\n\t\t<div class=\"fancy-box-header\">\n\t\t\t<h3 class=\"font-weight-medium\" >The origin of Ma\u00efavie<\/h3>\t\t\t\t\t<\/div><!-- \/.fancy-box-header -->\n\t\t\n\t\t\t\t\n\t<\/div><!-- \/.fancy-box-contents -->\n\t\n\t<a href=\"https:\/\/maiavie.fr\/en\/overview\/\" class=\"liquid-overlay-link\"><\/a>\t\n<\/div><!-- \/.fancy-box fancy-box-classes -->[\/vc_column_inner][vc_column_inner width=&#8221;1\/2&#8243;]<style>.ld_content_box_69e79329b61f2 .fancy-box-header h3{font-size:22px;}<\/style><div id=\"ld_content_box_69e79329b61f2\" class=\"fancy-box text-center fancy-box-heading-custom fancy-box-classic ld_content_box_69e79329b61f2\">\n\t\n\t<div class=\"cb-img-container mb-4\">\n\n\t\t<figure class=\"fancy-box-image\"><img width=\"1000\" height=\"667\" src=\"data:image\/svg+xml;charset=utf-8,&lt;svg xmlns%3D&#039;http%3A%2F%2Fwww.w3.org%2F2000%2Fsvg&#039; viewBox%3D&#039;0 0 1000 667&#039;%2F&gt;\" class=\"attachment-full size-full ld-lazyload\" alt=\"accompagnement creation production complement alimentaire cosmetique en full service\" loading=\"lazy\" srcset=\"\" sizes=\"(max-width: 1000px) 100vw, 1000px\" data-src=\"https:\/\/maiavie.fr\/wp-content\/uploads\/2022\/06\/accompagnement-creation-production-complement-alimentaire-cosmetique-full-service-1.jpg\" data-srcset=\"https:\/\/maiavie.fr\/wp-content\/uploads\/2022\/06\/accompagnement-creation-production-complement-alimentaire-cosmetique-full-service-1.jpg 1000w, https:\/\/maiavie.fr\/wp-content\/uploads\/2022\/06\/accompagnement-creation-production-complement-alimentaire-cosmetique-full-service-1-300x200.jpg 300w\" data-aspect=\"1.4992503748126\" \/><\/figure>\t\t\t\t\n\t\t\t\t<div class=\"cb-img-btn\">\n\t\t\t<div class=\"cb-img-btn-bg\"><\/div>\n\t\t\t<a href=\"https:\/\/maiavie.fr\/en\/our-services\/\" class=\"liquid-overlay-link\"><\/a>\t\t\t<div class=\"cb-img-btn-inner\">\n\t\t\t\t<style>.ld_button_69e79329b8e5c:hover{color:rgb(54, 54, 54);}.ld_button_69e79329b8e5c{font-size:15px !important;}<\/style><a href=\"#\" class=\"btn btn-naked ld_button_69e79329b8e5c\">\n\t<span>\n\t\t\n\t\t\t\t\t<span class=\"btn-txt\">More information<\/span>\n\t\t\t\n\t\t\t\t<\/span>\n<\/a>\n\t\t\t<\/div><!-- \/.cb-img-btn-inner -->\n\t\t<\/div><!-- \/.cb-img-btn -->\n\t\t\n\t<\/div><!-- \/.cb-img-container -->\n\n\t<div class=\"fancy-box-contents\">\n\t\t\n\t\t<div class=\"fancy-box-header\">\n\t\t\t<h3 class=\"font-weight-medium\" >Our services<\/h3>\t\t\t\t\t<\/div><!-- \/.fancy-box-header -->\n\t\t\n\t\t\t\t\n\t<\/div><!-- \/.fancy-box-contents -->\n\t\n\t<a href=\"https:\/\/maiavie.fr\/en\/our-services\/\" class=\"liquid-overlay-link\"><\/a>\t\n<\/div><!-- \/.fancy-box fancy-box-classes -->[\/vc_column_inner][\/vc_row_inner][\/vc_column][\/vc_row]<\/p>\n","protected":false},"excerpt":{"rendered":"<p>[vc_row full_width=&#8221;stretch_row&#8221; gap=&#8221;0&#8243; equal_height=&#8221;yes&#8221; css=&#8221;.vc_custom_1536753490086{margin-right: 0px !important;margin-left: 0px !important;}&#8221;][vc_column enable_content_animation=&#8221;yes&#8221; ca_init_scale_x=&#8221;1&#8243; ca_init_scale_y=&#8221;1&#8243; ca_init_scale_z=&#8221;1&#8243; ca_init_opacity=&#8221;0&#8243; ca_an_scale_x=&#8221;1&#8243;&#8230;<\/p>\n","protected":false},"author":1,"featured_media":0,"parent":0,"menu_order":0,"comment_status":"closed","ping_status":"closed","template":"","meta":[],"yoast_head":"<!-- This site is optimized with the Yoast SEO plugin v19.2 - https:\/\/yoast.com\/wordpress\/plugins\/seo\/ -->\n<title>H\u00e9l\u00e8ne Duminy, founder - Ma\u00efavie<\/title>\n<meta name=\"description\" content=\"H\u00e9l\u00e8ne Duminy, founder of Ma\u00efavie, explains how she came up with the idea of creating this expert R&amp;D project management company.\" \/>\n<meta name=\"robots\" content=\"index, follow, max-snippet:-1, max-image-preview:large, max-video-preview:-1\" \/>\n<link rel=\"canonical\" href=\"https:\/\/maiavie.fr\/en\/founder\/\" \/>\n<meta property=\"og:locale\" content=\"en_US\" \/>\n<meta property=\"og:type\" content=\"article\" \/>\n<meta property=\"og:title\" content=\"H\u00e9l\u00e8ne Duminy, founder - Ma\u00efavie\" \/>\n<meta property=\"og:description\" content=\"H\u00e9l\u00e8ne Duminy, founder of Ma\u00efavie, explains how she came up with the idea of creating this expert R&amp;D project management company.\" \/>\n<meta property=\"og:url\" content=\"https:\/\/maiavie.fr\/en\/founder\/\" \/>\n<meta property=\"og:site_name\" content=\"Ma\u00efavie\" \/>\n<meta property=\"article:modified_time\" content=\"2023-01-27T17:57:43+00:00\" \/>\n<meta name=\"author\" content=\"H\u00e9l\u00e8ne\" \/>\n<meta name=\"twitter:card\" content=\"summary_large_image\" \/>\n<meta name=\"twitter:label1\" content=\"Est. reading time\" \/>\n\t<meta name=\"twitter:data1\" content=\"5 minutes\" \/>\n<script type=\"application\/ld+json\" class=\"yoast-schema-graph\">{\"@context\":\"https:\/\/schema.org\",\"@graph\":[{\"@type\":\"Organization\",\"@id\":\"https:\/\/maiavie.fr\/en\/#organization\",\"name\":\"Ma\u00efavie\",\"url\":\"https:\/\/maiavie.fr\/en\/\",\"sameAs\":[],\"logo\":{\"@type\":\"ImageObject\",\"inLanguage\":\"en-US\",\"@id\":\"https:\/\/maiavie.fr\/en\/#\/schema\/logo\/image\/\",\"url\":\"https:\/\/maiavie.fr\/wp-content\/uploads\/2021\/10\/LOGOS_RVB-50-25mm.png\",\"contentUrl\":\"https:\/\/maiavie.fr\/wp-content\/uploads\/2021\/10\/LOGOS_RVB-50-25mm.png\",\"width\":592,\"height\":368,\"caption\":\"Ma\u00efavie\"},\"image\":{\"@id\":\"https:\/\/maiavie.fr\/en\/#\/schema\/logo\/image\/\"}},{\"@type\":\"WebSite\",\"@id\":\"https:\/\/maiavie.fr\/en\/#website\",\"url\":\"https:\/\/maiavie.fr\/en\/\",\"name\":\"Ma\u00efavie\",\"description\":\"\",\"publisher\":{\"@id\":\"https:\/\/maiavie.fr\/en\/#organization\"},\"potentialAction\":[{\"@type\":\"SearchAction\",\"target\":{\"@type\":\"EntryPoint\",\"urlTemplate\":\"https:\/\/maiavie.fr\/en\/?s={search_term_string}\"},\"query-input\":\"required name=search_term_string\"}],\"inLanguage\":\"en-US\"},{\"@type\":\"WebPage\",\"@id\":\"https:\/\/maiavie.fr\/en\/founder\/#webpage\",\"url\":\"https:\/\/maiavie.fr\/en\/founder\/\",\"name\":\"H\u00e9l\u00e8ne Duminy, founder - Ma\u00efavie\",\"isPartOf\":{\"@id\":\"https:\/\/maiavie.fr\/en\/#website\"},\"datePublished\":\"2021-10-29T16:40:30+00:00\",\"dateModified\":\"2023-01-27T17:57:43+00:00\",\"description\":\"H\u00e9l\u00e8ne Duminy, founder of Ma\u00efavie, explains how she came up with the idea of creating this expert R&D project management company.\",\"breadcrumb\":{\"@id\":\"https:\/\/maiavie.fr\/en\/founder\/#breadcrumb\"},\"inLanguage\":\"en-US\",\"potentialAction\":[{\"@type\":\"ReadAction\",\"target\":[\"https:\/\/maiavie.fr\/en\/founder\/\"]}]},{\"@type\":\"BreadcrumbList\",\"@id\":\"https:\/\/maiavie.fr\/en\/founder\/#breadcrumb\",\"itemListElement\":[{\"@type\":\"ListItem\",\"position\":1,\"name\":\"Accueil\",\"item\":\"https:\/\/maiavie.fr\/en\/\"},{\"@type\":\"ListItem\",\"position\":2,\"name\":\"Founder\"}]}]}<\/script>\n<!-- \/ Yoast SEO plugin. -->","yoast_head_json":{"title":"H\u00e9l\u00e8ne Duminy, founder - Ma\u00efavie","description":"H\u00e9l\u00e8ne Duminy, founder of Ma\u00efavie, explains how she came up with the idea of creating this expert R&D project management company.","robots":{"index":"index","follow":"follow","max-snippet":"max-snippet:-1","max-image-preview":"max-image-preview:large","max-video-preview":"max-video-preview:-1"},"canonical":"https:\/\/maiavie.fr\/en\/founder\/","og_locale":"en_US","og_type":"article","og_title":"H\u00e9l\u00e8ne Duminy, founder - Ma\u00efavie","og_description":"H\u00e9l\u00e8ne Duminy, founder of Ma\u00efavie, explains how she came up with the idea of creating this expert R&D project management company.","og_url":"https:\/\/maiavie.fr\/en\/founder\/","og_site_name":"Ma\u00efavie","article_modified_time":"2023-01-27T17:57:43+00:00","author":"H\u00e9l\u00e8ne","twitter_card":"summary_large_image","twitter_misc":{"Est. reading time":"5 minutes"},"schema":{"@context":"https:\/\/schema.org","@graph":[{"@type":"Organization","@id":"https:\/\/maiavie.fr\/en\/#organization","name":"Ma\u00efavie","url":"https:\/\/maiavie.fr\/en\/","sameAs":[],"logo":{"@type":"ImageObject","inLanguage":"en-US","@id":"https:\/\/maiavie.fr\/en\/#\/schema\/logo\/image\/","url":"https:\/\/maiavie.fr\/wp-content\/uploads\/2021\/10\/LOGOS_RVB-50-25mm.png","contentUrl":"https:\/\/maiavie.fr\/wp-content\/uploads\/2021\/10\/LOGOS_RVB-50-25mm.png","width":592,"height":368,"caption":"Ma\u00efavie"},"image":{"@id":"https:\/\/maiavie.fr\/en\/#\/schema\/logo\/image\/"}},{"@type":"WebSite","@id":"https:\/\/maiavie.fr\/en\/#website","url":"https:\/\/maiavie.fr\/en\/","name":"Ma\u00efavie","description":"","publisher":{"@id":"https:\/\/maiavie.fr\/en\/#organization"},"potentialAction":[{"@type":"SearchAction","target":{"@type":"EntryPoint","urlTemplate":"https:\/\/maiavie.fr\/en\/?s={search_term_string}"},"query-input":"required name=search_term_string"}],"inLanguage":"en-US"},{"@type":"WebPage","@id":"https:\/\/maiavie.fr\/en\/founder\/#webpage","url":"https:\/\/maiavie.fr\/en\/founder\/","name":"H\u00e9l\u00e8ne Duminy, founder - Ma\u00efavie","isPartOf":{"@id":"https:\/\/maiavie.fr\/en\/#website"},"datePublished":"2021-10-29T16:40:30+00:00","dateModified":"2023-01-27T17:57:43+00:00","description":"H\u00e9l\u00e8ne Duminy, founder of Ma\u00efavie, explains how she came up with the idea of creating this expert R&D project management company.","breadcrumb":{"@id":"https:\/\/maiavie.fr\/en\/founder\/#breadcrumb"},"inLanguage":"en-US","potentialAction":[{"@type":"ReadAction","target":["https:\/\/maiavie.fr\/en\/founder\/"]}]},{"@type":"BreadcrumbList","@id":"https:\/\/maiavie.fr\/en\/founder\/#breadcrumb","itemListElement":[{"@type":"ListItem","position":1,"name":"Accueil","item":"https:\/\/maiavie.fr\/en\/"},{"@type":"ListItem","position":2,"name":"Founder"}]}]}},"_links":{"self":[{"href":"https:\/\/maiavie.fr\/en\/wp-json\/wp\/v2\/pages\/5552"}],"collection":[{"href":"https:\/\/maiavie.fr\/en\/wp-json\/wp\/v2\/pages"}],"about":[{"href":"https:\/\/maiavie.fr\/en\/wp-json\/wp\/v2\/types\/page"}],"author":[{"embeddable":true,"href":"https:\/\/maiavie.fr\/en\/wp-json\/wp\/v2\/users\/1"}],"replies":[{"embeddable":true,"href":"https:\/\/maiavie.fr\/en\/wp-json\/wp\/v2\/comments?post=5552"}],"version-history":[{"count":5,"href":"https:\/\/maiavie.fr\/en\/wp-json\/wp\/v2\/pages\/5552\/revisions"}],"predecessor-version":[{"id":5557,"href":"https:\/\/maiavie.fr\/en\/wp-json\/wp\/v2\/pages\/5552\/revisions\/5557"}],"wp:attachment":[{"href":"https:\/\/maiavie.fr\/en\/wp-json\/wp\/v2\/media?parent=5552"}],"curies":[{"name":"wp","href":"https:\/\/api.w.org\/{rel}","templated":true}]}}