{"id":5559,"date":"2021-10-30T11:59:06","date_gmt":"2021-10-30T09:59:06","guid":{"rendered":"https:\/\/maiavie.fr\/legal-notice\/"},"modified":"2023-01-27T18:16:20","modified_gmt":"2023-01-27T17:16:20","slug":"legal-notice","status":"publish","type":"page","link":"https:\/\/maiavie.fr\/en\/legal-notice\/","title":{"rendered":"Legal notice"},"content":{"rendered":"<p>[vc_row css=&#8221;.vc_custom_1639755461696{margin-top: 100px !important;margin-bottom: 100px !important;}&#8221;][vc_column width=&#8221;1\/6&#8243;][\/vc_column][vc_column width=&#8221;2\/3&#8243;][vc_column_text]<\/p>\n<h3><span style=\"color: #52a690;\">Website author\/publisher<\/span><\/h3>\n<h2>Ma\u00efavie<\/h2>\n<p><strong>Postal address:<\/strong> Nice Premier A Building &#8211; 455 Promenade des Anglais &#8211; 06 200 Nice &#8211; France<br \/>\n<strong>Telephone :<\/strong> +33 (0)6 61 20 93 14<br \/>\n<strong>Email :<\/strong> helene.duminy@maiavie.fr<br \/>\n<strong>Siret [company registration] No.: <\/strong> 84924248200024<\/p>\n<h3><span style=\"color: #52a690;\">Website host<\/span><\/h3>\n<p>The Maiavie.com website is hosted by Gandi.<\/p>\n<h3><span style=\"color: #52a690;\">Credits<\/span><\/h3>\n<p>The photos used on this website belong either to the author or to royalty-free image platforms (Freepik, Rawpixel, etc.).<\/p>\n<h3><span style=\"color: #52a690;\">Website creation<\/span><\/h3>\n<p>Vanessa Asse<br \/>\nLa NewsFactory agency (Digital and print communication)<br \/>\nvanessa.asse@gmail.com<\/p>\n<h3><span style=\"color: #52a690;\">Intellectual property rights<\/span><\/h3>\n<p>Editorial content published on the Maiavie.com website is the property of the author of this website and\/or their usage rights have been acquired from third parties.<\/p>\n<p>Copying in whole or in part is not permitted without the author\u2019s consent. The content of this website is subject to French and international legislation on copyright and intellectual property.<\/p>\n<p>You may not reproduce, copy, modify, use on any medium whatsoever, by any means whatsoever, or in any way whatsoever, all or part of the website without the prior written permission of its publisher.<\/p>\n<p>Any use of all or part of the website without the author\u2019s prior consent, for whatever reason, may lead to any appropriate action being taken, including infringement proceedings.[\/vc_column_text][\/vc_column][vc_column width=&#8221;1\/6&#8243;][\/vc_column][\/vc_row]<\/p>\n","protected":false},"excerpt":{"rendered":"<p>[vc_row css=&#8221;.vc_custom_1639755461696{margin-top: 100px !important;margin-bottom: 100px !important;}&#8221;][vc_column width=&#8221;1\/6&#8243;][\/vc_column][vc_column width=&#8221;2\/3&#8243;][vc_column_text] Website author\/publisher Ma\u00efavie Postal address: Nice Premier&#8230;<\/p>\n","protected":false},"author":1,"featured_media":0,"parent":0,"menu_order":0,"comment_status":"closed","ping_status":"closed","template":"","meta":[],"yoast_head":"<!-- This site is optimized with the Yoast SEO plugin v19.2 - https:\/\/yoast.com\/wordpress\/plugins\/seo\/ -->\n<title>Legal notice - Ma\u00efavie<\/title>\n<meta name=\"robots\" content=\"index, follow, max-snippet:-1, max-image-preview:large, max-video-preview:-1\" \/>\n<link rel=\"canonical\" href=\"https:\/\/maiavie.fr\/en\/legal-notice\/\" \/>\n<meta property=\"og:locale\" content=\"en_US\" \/>\n<meta property=\"og:type\" content=\"article\" \/>\n<meta property=\"og:title\" content=\"Legal notice - Ma\u00efavie\" \/>\n<meta property=\"og:description\" content=\"[vc_row css=&#8221;.vc_custom_1639755461696{margin-top: 100px !important;margin-bottom: 100px !important;}&#8221;][vc_column width=&#8221;1\/6&#8243;][\/vc_column][vc_column width=&#8221;2\/3&#8243;][vc_column_text] Website author\/publisher Ma\u00efavie Postal address: Nice Premier...\" \/>\n<meta property=\"og:url\" content=\"https:\/\/maiavie.fr\/en\/legal-notice\/\" \/>\n<meta property=\"og:site_name\" content=\"Ma\u00efavie\" \/>\n<meta property=\"article:modified_time\" content=\"2023-01-27T17:16:20+00:00\" \/>\n<meta name=\"author\" content=\"H\u00e9l\u00e8ne\" \/>\n<meta name=\"twitter:card\" content=\"summary_large_image\" \/>\n<meta name=\"twitter:label1\" content=\"Est. reading time\" \/>\n\t<meta name=\"twitter:data1\" content=\"1 minute\" \/>\n<script type=\"application\/ld+json\" class=\"yoast-schema-graph\">{\"@context\":\"https:\/\/schema.org\",\"@graph\":[{\"@type\":\"Organization\",\"@id\":\"https:\/\/maiavie.fr\/en\/#organization\",\"name\":\"Ma\u00efavie\",\"url\":\"https:\/\/maiavie.fr\/en\/\",\"sameAs\":[],\"logo\":{\"@type\":\"ImageObject\",\"inLanguage\":\"en-US\",\"@id\":\"https:\/\/maiavie.fr\/en\/#\/schema\/logo\/image\/\",\"url\":\"https:\/\/maiavie.fr\/wp-content\/uploads\/2021\/10\/LOGOS_RVB-50-25mm.png\",\"contentUrl\":\"https:\/\/maiavie.fr\/wp-content\/uploads\/2021\/10\/LOGOS_RVB-50-25mm.png\",\"width\":592,\"height\":368,\"caption\":\"Ma\u00efavie\"},\"image\":{\"@id\":\"https:\/\/maiavie.fr\/en\/#\/schema\/logo\/image\/\"}},{\"@type\":\"WebSite\",\"@id\":\"https:\/\/maiavie.fr\/en\/#website\",\"url\":\"https:\/\/maiavie.fr\/en\/\",\"name\":\"Ma\u00efavie\",\"description\":\"\",\"publisher\":{\"@id\":\"https:\/\/maiavie.fr\/en\/#organization\"},\"potentialAction\":[{\"@type\":\"SearchAction\",\"target\":{\"@type\":\"EntryPoint\",\"urlTemplate\":\"https:\/\/maiavie.fr\/en\/?s={search_term_string}\"},\"query-input\":\"required name=search_term_string\"}],\"inLanguage\":\"en-US\"},{\"@type\":\"WebPage\",\"@id\":\"https:\/\/maiavie.fr\/en\/legal-notice\/#webpage\",\"url\":\"https:\/\/maiavie.fr\/en\/legal-notice\/\",\"name\":\"Legal notice - Ma\u00efavie\",\"isPartOf\":{\"@id\":\"https:\/\/maiavie.fr\/en\/#website\"},\"datePublished\":\"2021-10-30T09:59:06+00:00\",\"dateModified\":\"2023-01-27T17:16:20+00:00\",\"breadcrumb\":{\"@id\":\"https:\/\/maiavie.fr\/en\/legal-notice\/#breadcrumb\"},\"inLanguage\":\"en-US\",\"potentialAction\":[{\"@type\":\"ReadAction\",\"target\":[\"https:\/\/maiavie.fr\/en\/legal-notice\/\"]}]},{\"@type\":\"BreadcrumbList\",\"@id\":\"https:\/\/maiavie.fr\/en\/legal-notice\/#breadcrumb\",\"itemListElement\":[{\"@type\":\"ListItem\",\"position\":1,\"name\":\"Accueil\",\"item\":\"https:\/\/maiavie.fr\/en\/\"},{\"@type\":\"ListItem\",\"position\":2,\"name\":\"Legal notice\"}]}]}<\/script>\n<!-- \/ Yoast SEO plugin. -->","yoast_head_json":{"title":"Legal notice - Ma\u00efavie","robots":{"index":"index","follow":"follow","max-snippet":"max-snippet:-1","max-image-preview":"max-image-preview:large","max-video-preview":"max-video-preview:-1"},"canonical":"https:\/\/maiavie.fr\/en\/legal-notice\/","og_locale":"en_US","og_type":"article","og_title":"Legal notice - Ma\u00efavie","og_description":"[vc_row css=&#8221;.vc_custom_1639755461696{margin-top: 100px !important;margin-bottom: 100px !important;}&#8221;][vc_column width=&#8221;1\/6&#8243;][\/vc_column][vc_column width=&#8221;2\/3&#8243;][vc_column_text] Website author\/publisher Ma\u00efavie Postal address: Nice Premier...","og_url":"https:\/\/maiavie.fr\/en\/legal-notice\/","og_site_name":"Ma\u00efavie","article_modified_time":"2023-01-27T17:16:20+00:00","author":"H\u00e9l\u00e8ne","twitter_card":"summary_large_image","twitter_misc":{"Est. reading time":"1 minute"},"schema":{"@context":"https:\/\/schema.org","@graph":[{"@type":"Organization","@id":"https:\/\/maiavie.fr\/en\/#organization","name":"Ma\u00efavie","url":"https:\/\/maiavie.fr\/en\/","sameAs":[],"logo":{"@type":"ImageObject","inLanguage":"en-US","@id":"https:\/\/maiavie.fr\/en\/#\/schema\/logo\/image\/","url":"https:\/\/maiavie.fr\/wp-content\/uploads\/2021\/10\/LOGOS_RVB-50-25mm.png","contentUrl":"https:\/\/maiavie.fr\/wp-content\/uploads\/2021\/10\/LOGOS_RVB-50-25mm.png","width":592,"height":368,"caption":"Ma\u00efavie"},"image":{"@id":"https:\/\/maiavie.fr\/en\/#\/schema\/logo\/image\/"}},{"@type":"WebSite","@id":"https:\/\/maiavie.fr\/en\/#website","url":"https:\/\/maiavie.fr\/en\/","name":"Ma\u00efavie","description":"","publisher":{"@id":"https:\/\/maiavie.fr\/en\/#organization"},"potentialAction":[{"@type":"SearchAction","target":{"@type":"EntryPoint","urlTemplate":"https:\/\/maiavie.fr\/en\/?s={search_term_string}"},"query-input":"required name=search_term_string"}],"inLanguage":"en-US"},{"@type":"WebPage","@id":"https:\/\/maiavie.fr\/en\/legal-notice\/#webpage","url":"https:\/\/maiavie.fr\/en\/legal-notice\/","name":"Legal notice - Ma\u00efavie","isPartOf":{"@id":"https:\/\/maiavie.fr\/en\/#website"},"datePublished":"2021-10-30T09:59:06+00:00","dateModified":"2023-01-27T17:16:20+00:00","breadcrumb":{"@id":"https:\/\/maiavie.fr\/en\/legal-notice\/#breadcrumb"},"inLanguage":"en-US","potentialAction":[{"@type":"ReadAction","target":["https:\/\/maiavie.fr\/en\/legal-notice\/"]}]},{"@type":"BreadcrumbList","@id":"https:\/\/maiavie.fr\/en\/legal-notice\/#breadcrumb","itemListElement":[{"@type":"ListItem","position":1,"name":"Accueil","item":"https:\/\/maiavie.fr\/en\/"},{"@type":"ListItem","position":2,"name":"Legal notice"}]}]}},"_links":{"self":[{"href":"https:\/\/maiavie.fr\/en\/wp-json\/wp\/v2\/pages\/5559"}],"collection":[{"href":"https:\/\/maiavie.fr\/en\/wp-json\/wp\/v2\/pages"}],"about":[{"href":"https:\/\/maiavie.fr\/en\/wp-json\/wp\/v2\/types\/page"}],"author":[{"embeddable":true,"href":"https:\/\/maiavie.fr\/en\/wp-json\/wp\/v2\/users\/1"}],"replies":[{"embeddable":true,"href":"https:\/\/maiavie.fr\/en\/wp-json\/wp\/v2\/comments?post=5559"}],"version-history":[{"count":2,"href":"https:\/\/maiavie.fr\/en\/wp-json\/wp\/v2\/pages\/5559\/revisions"}],"predecessor-version":[{"id":5561,"href":"https:\/\/maiavie.fr\/en\/wp-json\/wp\/v2\/pages\/5559\/revisions\/5561"}],"wp:attachment":[{"href":"https:\/\/maiavie.fr\/en\/wp-json\/wp\/v2\/media?parent=5559"}],"curies":[{"name":"wp","href":"https:\/\/api.w.org\/{rel}","templated":true}]}}