{"id":5562,"date":"2018-09-11T12:05:23","date_gmt":"2018-09-11T10:05:23","guid":{"rendered":"https:\/\/maiavie.fr\/news\/"},"modified":"2023-01-27T18:19:41","modified_gmt":"2023-01-27T17:19:41","slug":"news","status":"publish","type":"page","link":"https:\/\/maiavie.fr\/en\/news\/","title":{"rendered":"News"},"content":{"rendered":"<p>[vc_row full_width=&#8221;stretch_row&#8221; gap=&#8221;0&#8243; equal_height=&#8221;yes&#8221; css=&#8221;.vc_custom_1536753490086{margin-right: 0px !important;margin-left: 0px !important;}&#8221;][vc_column enable_content_animation=&#8221;yes&#8221; ca_init_scale_x=&#8221;1&#8243; ca_init_scale_y=&#8221;1&#8243; ca_init_scale_z=&#8221;1&#8243; ca_init_opacity=&#8221;0&#8243; ca_an_scale_x=&#8221;1&#8243; ca_an_scale_y=&#8221;1&#8243; ca_an_scale_z=&#8221;1&#8243; ca_an_opacity=&#8221;1&#8243; align=&#8221;text-center&#8221; offset=&#8221;vc_col-md-6&#8243; css=&#8221;.vc_custom_1655123718633{padding-top: 150px !important;padding-right: 0px !important;padding-bottom: 150px !important;padding-left: 0px !important;background-image: url(https:\/\/maiavie.fr\/wp-content\/uploads\/2022\/06\/actualite-complement-alimentaire-cosmetique-maiavie-1.jpg?id=5235) !important;background-position: center !important;background-repeat: no-repeat !important;background-size: cover !important;}&#8221; ca_init_translate_y=&#8221;50&#8243; responsive_css=&#8221;padding_top_small:200px|padding_right_small:0px|padding_bottom_small:200px|padding_left_small:0px&#8221;][\/vc_column][vc_column enable_content_animation=&#8221;yes&#8221; ca_init_scale_x=&#8221;1&#8243; ca_init_scale_y=&#8221;1&#8243; ca_init_scale_z=&#8221;1&#8243; ca_init_opacity=&#8221;0&#8243; ca_an_scale_x=&#8221;1&#8243; ca_an_scale_y=&#8221;1&#8243; ca_an_scale_z=&#8221;1&#8243; ca_an_opacity=&#8221;1&#8243; offset=&#8221;vc_col-md-6&#8243; css=&#8221;.vc_custom_1635599969383{padding-top: 50px !important;padding-right: 2.2em !important;padding-bottom: 50px !important;padding-left: 2em !important;background-color: #ededed !important;background-position: center !important;background-repeat: no-repeat !important;background-size: cover !important;}&#8221; ca_init_translate_y=&#8221;50&#8243; responsive_css=&#8221;padding_top_large:110px|padding_right_large:5em|padding_bottom_large:120px|padding_left_large:6em|padding_right_small:4em|padding_left_small:4em&#8221;]<div class=\"ld-fancy-heading text-left ld_fancy_heading_69e0d9a231526\">\n\t<h1 class=\"lqd-highlight-underline lqd-highlight-grow-left\" data-fittext=\"true\" data-fittext-options='{\"compressor\":1,\"maxFontSize\":\"50px\",\"minFontSize\":\"36px\"}'><span class=\"ld-fh-txt\"> News<\/span><\/h1><\/div><div class=\"ld-fancy-heading text-left ld_fancy_heading_69e0d9a2323a2\">\n\t<h2 class=\"lqd-highlight-underline lqd-highlight-grow-left\" ><span class=\"ld-fh-txt\"> Find all the news about Ma\u00efavie, as well as our expert articles on the food supplements and cosmetics sectors.<\/span><\/h2><\/div><style>.ld_spacer_69e0d9a232800{height:32px;}<\/style>\n<div class=\"ld-empty-space ld_spacer_69e0d9a232800\"><span class=\"liquid_empty_space_inner\"><\/span><\/div><style>.ld_button_69e0d9a232a25.btn-icon-solid .btn-icon{background:rgb(237, 237, 237);}.ld_button_69e0d9a232a25.btn-icon-circle.btn-icon-ripple .btn-icon:before{border-color:rgb(237, 237, 237);}.ld_button_69e0d9a232a25.btn-icon-solid:hover .btn-icon{background:rgb(82, 166, 144);}.ld_button_69e0d9a232a25{background-color:rgb(237, 237, 237);border-color:rgb(237, 237, 237);color:rgb(82, 166, 144);line-height:1.111em !important;font-size:14px !important;font-weight:500 !important;letter-spacing:0.1em !important;box-shadow:0px 3px 3px 0px #afcabd;}.ld_button_69e0d9a232a25:hover{background-color:rgb(82, 166, 144);border-color:rgb(82, 166, 144);color:rgb(255, 255, 255);}.ld_button_69e0d9a232a25 .btn-gradient-bg-hover{background:-webkit-linear-gradient(to right, rgb(82, 166, 144) 0%, rgb(82, 166, 144) 100%);background:linear-gradient(to right, rgb(82, 166, 144) 0%, rgb(82, 166, 144) 100%);}.ld_button_69e0d9a232a25 .btn-gradient-border defs stop:first-child{stop-color:rgb(82, 166, 144);}.ld_button_69e0d9a232a25 .btn-gradient-border defs stop:last-child{stop-color:rgb(82, 166, 144);}.ld_button_69e0d9a232a25:hover .btn-gradient-border defs stop:first-child{stop-color:rgb(82, 166, 144);}.ld_button_69e0d9a232a25:hover .btn-gradient-border defs stop:last-child{stop-color:rgb(82, 166, 144);}.ld_button_69e0d9a232a25.btn-bordered{border-color:rgb(82, 166, 144);}.ld_button_69e0d9a232a25.btn-bordered:hover{border-color:rgb(82, 166, 144);}<\/style><a href=\"#\" class=\"btn btn-solid text-uppercase circle btn-bordered border-thin ld_button_69e0d9a232a25 vc_custom_1655110284845\" data-localscroll=\"true\" data-localscroll-options=\"{&quot;scrollBelowSection&quot;:true}\">\n\t<span>\n\t\t\n\t\t\t\t\t<span class=\"btn-txt\">Let\u2019s co-create your products!<\/span>\n\t\t\t\n\t\t\t\t<\/span>\n<\/a>\n[\/vc_column][\/vc_row][vc_row css=&#8221;.vc_custom_1639838120089{margin-top: 100px !important;margin-bottom: 50px !important;}&#8221;][vc_column]<style>.ld_blog_69e0d9a233165 .liquid-blog-grid{margin-left:-30px;margin-right:-30px;}.ld_blog_69e0d9a233165 .liquid-blog-grid > div{padding-left:30px;padding-right:30px;}.ld_blog_69e0d9a233165 .liquid-blog-grid .liquid-lp{margin-bottom:45px;}.ld_blog_69e0d9a233165 .filter-list{margin-bottom:px;}.ld_blog_69e0d9a233165 .liquid-blog-item .liquid-lp-title,.ld_blog_69e0d9a233165 .liquid-lp .liquid-lp-title{margin-top:px;margin-bottom:px;}<\/style><div data-filter-id=\"1639837529168-c48c0b2c-aeea\" class=\"liquid-blog-posts ld_blog_69e0d9a233165 1639837529169-6722a6f9-dcc4 \" data-post-per-page=\"10\"><div class=\"liquid-blog-grid liquid-blog-style-timeline row\" data-liquid-masonry=\"true\"><\/div><!--\/ .row --><\/div><!--\/ .liquid-blog-posts -->[\/vc_column][\/vc_row][vc_row equal_height=&#8221;yes&#8221; content_placement=&#8221;middle&#8221; bg_position=&#8221;center center&#8221; css=&#8221;.vc_custom_1656428678984{margin-bottom: 30px !important;padding-top: 70px !important;padding-bottom: 70px !important;background-image: url(https:\/\/maiavie.fr\/wp-content\/uploads\/2022\/06\/Maiavie-developpement-complement-alimentaire-cosmetique-accompagnement-expert-contact-2.jpeg?id=5255) !important;background-position: center !important;background-repeat: no-repeat !important;background-size: cover !important;}&#8221;][vc_column offset=&#8221;vc_col-md-7&#8243; responsive_align=&#8221;text-md-left text-xs-center&#8221;]<style>.ld_fancy_heading_69e0d9a234104 h2{font-size:36px;font-weight:500;}@media (min-width: 992px) { .ld_fancy_heading_69e0d9a234104 h2 {margin-bottom:0.2em !important;  }  } .ld_fancy_heading_69e0d9a234104 .lqd-highlight-inner{bottom:0px;}@media (min-width: 992px) { .ld_fancy_heading_69e0d9a234104 h2 {margin-bottom:0.2em !important;  }  } <\/style><div class=\"ld-fancy-heading ld_fancy_heading_69e0d9a234104\">\n\t<h2 class=\"lqd-highlight-underline lqd-highlight-grow-left\" ><span class=\"ld-fh-txt\"> Let\u2019s talk about your project!<\/span><\/h2><\/div><style>.ld_spacer_69e0d9a23452c{height:15px;}<\/style>\n<div class=\"ld-empty-space ld_spacer_69e0d9a23452c\"><span class=\"liquid_empty_space_inner\"><\/span><\/div><style>.ld_fancy_heading_69e0d9a234616 p{font-size:18px;line-height:30px;}.ld_fancy_heading_69e0d9a234616 .lqd-highlight-inner{height:0.275em;bottom:0px;}<\/style><div class=\"ld-fancy-heading mask-text ld_fancy_heading_69e0d9a234616\">\n\t<p class=\"lqd-highlight-underline lqd-highlight-grow-left\" data-split-text=\"true\" data-custom-animations=\"true\" data-ca-options='{\"triggerHandler\":\"inview\",\"animationTarget\":\".lqd-lines .split-inner\",\"duration\":700,\"delay\":100,\"easing\":\"easeOutQuint\",\"direction\":\"forward\",\"initValues\":{\"scale\":1},\"animations\":{\"scale\":1}}' data-split-options='{\"type\":\"lines\"}'><span class=\"ld-fh-txt\"> By telephone on +33 (0)6 61 20 93 14 or by email using the form below.<\/span><\/p><\/div><style>.ld_spacer_69e0d9a234a2f{height:15px;}<\/style>\n<div class=\"ld-empty-space ld_spacer_69e0d9a234a2f\"><span class=\"liquid_empty_space_inner\"><\/span><\/div><style>.ld_button_69e0d9a234b21.btn-icon-solid:hover .btn-icon{background:rgb(255, 255, 255);}.ld_button_69e0d9a234b21:hover{background-color:rgb(255, 255, 255);border-color:rgb(255, 255, 255);color:rgb(94, 94, 106);}.ld_button_69e0d9a234b21 .btn-gradient-bg-hover{background:-webkit-linear-gradient(to right, rgb(255, 255, 255) 0%, rgb(255, 255, 255) 100%);background:linear-gradient(to right, rgb(255, 255, 255) 0%, rgb(255, 255, 255) 100%);}.ld_button_69e0d9a234b21:hover .btn-gradient-border defs stop:first-child{stop-color:rgb(255, 255, 255);}.ld_button_69e0d9a234b21:hover .btn-gradient-border defs stop:last-child{stop-color:rgb(255, 255, 255);}.ld_button_69e0d9a234b21{color:rgb(255, 255, 255);line-height:1.111em !important;font-size:14px !important;font-weight:500 !important;letter-spacing:0.1em !important;}<\/style><a href=\"https:\/\/maiavie.fr\/en\/contact\/\" class=\"btn btn-solid text-uppercase circle btn-bordered border-thin ld_button_69e0d9a234b21 vc_custom_1674839980606\">\n\t<span>\n\t\t\n\t\t\t\t\t<span class=\"btn-txt\">Contact us<\/span>\n\t\t\t\n\t\t\t\t<\/span>\n<\/a>\n[\/vc_column][vc_column offset=&#8221;vc_col-md-5&#8243; responsive_align=&#8221;text-md-right text-xs-center&#8221;][vc_empty_space][\/vc_column][\/vc_row]<\/p>\n","protected":false},"excerpt":{"rendered":"<p>[vc_row full_width=&#8221;stretch_row&#8221; gap=&#8221;0&#8243; equal_height=&#8221;yes&#8221; css=&#8221;.vc_custom_1536753490086{margin-right: 0px !important;margin-left: 0px !important;}&#8221;][vc_column enable_content_animation=&#8221;yes&#8221; ca_init_scale_x=&#8221;1&#8243; ca_init_scale_y=&#8221;1&#8243; ca_init_scale_z=&#8221;1&#8243; ca_init_opacity=&#8221;0&#8243; ca_an_scale_x=&#8221;1&#8243;&#8230;<\/p>\n","protected":false},"author":1,"featured_media":0,"parent":0,"menu_order":0,"comment_status":"closed","ping_status":"closed","template":"","meta":[],"yoast_head":"<!-- This site is optimized with the Yoast SEO plugin v19.2 - https:\/\/yoast.com\/wordpress\/plugins\/seo\/ -->\n<title>News - Ma\u00efavie<\/title>\n<meta name=\"robots\" content=\"index, follow, max-snippet:-1, max-image-preview:large, max-video-preview:-1\" \/>\n<link rel=\"canonical\" href=\"https:\/\/maiavie.fr\/en\/news\/\" \/>\n<meta property=\"og:locale\" content=\"en_US\" \/>\n<meta property=\"og:type\" content=\"article\" \/>\n<meta property=\"og:title\" content=\"News - Ma\u00efavie\" \/>\n<meta property=\"og:description\" content=\"[vc_row full_width=&#8221;stretch_row&#8221; gap=&#8221;0&#8243; equal_height=&#8221;yes&#8221; css=&#8221;.vc_custom_1536753490086{margin-right: 0px !important;margin-left: 0px !important;}&#8221;][vc_column enable_content_animation=&#8221;yes&#8221; ca_init_scale_x=&#8221;1&#8243; ca_init_scale_y=&#8221;1&#8243; ca_init_scale_z=&#8221;1&#8243; ca_init_opacity=&#8221;0&#8243; ca_an_scale_x=&#8221;1&#8243;...\" \/>\n<meta property=\"og:url\" content=\"https:\/\/maiavie.fr\/en\/news\/\" \/>\n<meta property=\"og:site_name\" content=\"Ma\u00efavie\" \/>\n<meta property=\"article:modified_time\" content=\"2023-01-27T17:19:41+00:00\" \/>\n<meta name=\"author\" content=\"H\u00e9l\u00e8ne\" \/>\n<meta name=\"twitter:card\" content=\"summary_large_image\" \/>\n<meta name=\"twitter:label1\" content=\"Est. reading time\" \/>\n\t<meta name=\"twitter:data1\" content=\"3 minutes\" \/>\n<script type=\"application\/ld+json\" class=\"yoast-schema-graph\">{\"@context\":\"https:\/\/schema.org\",\"@graph\":[{\"@type\":\"Organization\",\"@id\":\"https:\/\/maiavie.fr\/en\/#organization\",\"name\":\"Ma\u00efavie\",\"url\":\"https:\/\/maiavie.fr\/en\/\",\"sameAs\":[],\"logo\":{\"@type\":\"ImageObject\",\"inLanguage\":\"en-US\",\"@id\":\"https:\/\/maiavie.fr\/en\/#\/schema\/logo\/image\/\",\"url\":\"https:\/\/maiavie.fr\/wp-content\/uploads\/2021\/10\/LOGOS_RVB-50-25mm.png\",\"contentUrl\":\"https:\/\/maiavie.fr\/wp-content\/uploads\/2021\/10\/LOGOS_RVB-50-25mm.png\",\"width\":592,\"height\":368,\"caption\":\"Ma\u00efavie\"},\"image\":{\"@id\":\"https:\/\/maiavie.fr\/en\/#\/schema\/logo\/image\/\"}},{\"@type\":\"WebSite\",\"@id\":\"https:\/\/maiavie.fr\/en\/#website\",\"url\":\"https:\/\/maiavie.fr\/en\/\",\"name\":\"Ma\u00efavie\",\"description\":\"\",\"publisher\":{\"@id\":\"https:\/\/maiavie.fr\/en\/#organization\"},\"potentialAction\":[{\"@type\":\"SearchAction\",\"target\":{\"@type\":\"EntryPoint\",\"urlTemplate\":\"https:\/\/maiavie.fr\/en\/?s={search_term_string}\"},\"query-input\":\"required name=search_term_string\"}],\"inLanguage\":\"en-US\"},{\"@type\":\"WebPage\",\"@id\":\"https:\/\/maiavie.fr\/en\/news\/#webpage\",\"url\":\"https:\/\/maiavie.fr\/en\/news\/\",\"name\":\"News - Ma\u00efavie\",\"isPartOf\":{\"@id\":\"https:\/\/maiavie.fr\/en\/#website\"},\"datePublished\":\"2018-09-11T10:05:23+00:00\",\"dateModified\":\"2023-01-27T17:19:41+00:00\",\"breadcrumb\":{\"@id\":\"https:\/\/maiavie.fr\/en\/news\/#breadcrumb\"},\"inLanguage\":\"en-US\",\"potentialAction\":[{\"@type\":\"ReadAction\",\"target\":[\"https:\/\/maiavie.fr\/en\/news\/\"]}]},{\"@type\":\"BreadcrumbList\",\"@id\":\"https:\/\/maiavie.fr\/en\/news\/#breadcrumb\",\"itemListElement\":[{\"@type\":\"ListItem\",\"position\":1,\"name\":\"Accueil\",\"item\":\"https:\/\/maiavie.fr\/en\/\"},{\"@type\":\"ListItem\",\"position\":2,\"name\":\"News\"}]}]}<\/script>\n<!-- \/ Yoast SEO plugin. -->","yoast_head_json":{"title":"News - Ma\u00efavie","robots":{"index":"index","follow":"follow","max-snippet":"max-snippet:-1","max-image-preview":"max-image-preview:large","max-video-preview":"max-video-preview:-1"},"canonical":"https:\/\/maiavie.fr\/en\/news\/","og_locale":"en_US","og_type":"article","og_title":"News - Ma\u00efavie","og_description":"[vc_row full_width=&#8221;stretch_row&#8221; gap=&#8221;0&#8243; equal_height=&#8221;yes&#8221; css=&#8221;.vc_custom_1536753490086{margin-right: 0px !important;margin-left: 0px !important;}&#8221;][vc_column enable_content_animation=&#8221;yes&#8221; ca_init_scale_x=&#8221;1&#8243; ca_init_scale_y=&#8221;1&#8243; ca_init_scale_z=&#8221;1&#8243; ca_init_opacity=&#8221;0&#8243; ca_an_scale_x=&#8221;1&#8243;...","og_url":"https:\/\/maiavie.fr\/en\/news\/","og_site_name":"Ma\u00efavie","article_modified_time":"2023-01-27T17:19:41+00:00","author":"H\u00e9l\u00e8ne","twitter_card":"summary_large_image","twitter_misc":{"Est. reading time":"3 minutes"},"schema":{"@context":"https:\/\/schema.org","@graph":[{"@type":"Organization","@id":"https:\/\/maiavie.fr\/en\/#organization","name":"Ma\u00efavie","url":"https:\/\/maiavie.fr\/en\/","sameAs":[],"logo":{"@type":"ImageObject","inLanguage":"en-US","@id":"https:\/\/maiavie.fr\/en\/#\/schema\/logo\/image\/","url":"https:\/\/maiavie.fr\/wp-content\/uploads\/2021\/10\/LOGOS_RVB-50-25mm.png","contentUrl":"https:\/\/maiavie.fr\/wp-content\/uploads\/2021\/10\/LOGOS_RVB-50-25mm.png","width":592,"height":368,"caption":"Ma\u00efavie"},"image":{"@id":"https:\/\/maiavie.fr\/en\/#\/schema\/logo\/image\/"}},{"@type":"WebSite","@id":"https:\/\/maiavie.fr\/en\/#website","url":"https:\/\/maiavie.fr\/en\/","name":"Ma\u00efavie","description":"","publisher":{"@id":"https:\/\/maiavie.fr\/en\/#organization"},"potentialAction":[{"@type":"SearchAction","target":{"@type":"EntryPoint","urlTemplate":"https:\/\/maiavie.fr\/en\/?s={search_term_string}"},"query-input":"required name=search_term_string"}],"inLanguage":"en-US"},{"@type":"WebPage","@id":"https:\/\/maiavie.fr\/en\/news\/#webpage","url":"https:\/\/maiavie.fr\/en\/news\/","name":"News - Ma\u00efavie","isPartOf":{"@id":"https:\/\/maiavie.fr\/en\/#website"},"datePublished":"2018-09-11T10:05:23+00:00","dateModified":"2023-01-27T17:19:41+00:00","breadcrumb":{"@id":"https:\/\/maiavie.fr\/en\/news\/#breadcrumb"},"inLanguage":"en-US","potentialAction":[{"@type":"ReadAction","target":["https:\/\/maiavie.fr\/en\/news\/"]}]},{"@type":"BreadcrumbList","@id":"https:\/\/maiavie.fr\/en\/news\/#breadcrumb","itemListElement":[{"@type":"ListItem","position":1,"name":"Accueil","item":"https:\/\/maiavie.fr\/en\/"},{"@type":"ListItem","position":2,"name":"News"}]}]}},"_links":{"self":[{"href":"https:\/\/maiavie.fr\/en\/wp-json\/wp\/v2\/pages\/5562"}],"collection":[{"href":"https:\/\/maiavie.fr\/en\/wp-json\/wp\/v2\/pages"}],"about":[{"href":"https:\/\/maiavie.fr\/en\/wp-json\/wp\/v2\/types\/page"}],"author":[{"embeddable":true,"href":"https:\/\/maiavie.fr\/en\/wp-json\/wp\/v2\/users\/1"}],"replies":[{"embeddable":true,"href":"https:\/\/maiavie.fr\/en\/wp-json\/wp\/v2\/comments?post=5562"}],"version-history":[{"count":3,"href":"https:\/\/maiavie.fr\/en\/wp-json\/wp\/v2\/pages\/5562\/revisions"}],"predecessor-version":[{"id":5565,"href":"https:\/\/maiavie.fr\/en\/wp-json\/wp\/v2\/pages\/5562\/revisions\/5565"}],"wp:attachment":[{"href":"https:\/\/maiavie.fr\/en\/wp-json\/wp\/v2\/media?parent=5562"}],"curies":[{"name":"wp","href":"https:\/\/api.w.org\/{rel}","templated":true}]}}